{"id":736,"date":"2025-07-02T12:59:49","date_gmt":"2025-07-02T12:59:49","guid":{"rendered":"https:\/\/thelittletreefamily.com\/?page_id=736"},"modified":"2025-08-04T10:44:25","modified_gmt":"2025-08-04T10:44:25","slug":"parent-engagement-support","status":"publish","type":"page","link":"https:\/\/thelittletreefamily.com\/es\/parent-engagement-support\/","title":{"rendered":"Participaci\u00f3n y apoyo de los padres"},"content":{"rendered":"<div data-elementor-type=\"wp-page\" data-elementor-id=\"736\" class=\"elementor elementor-736\" data-elementor-post-type=\"page\">\n\t\t\t\t\t\t<section class=\"elementor-section elementor-top-section elementor-element elementor-element-2bddfe0 elementor-section-boxed elementor-section-height-default elementor-section-height-default\" data-id=\"2bddfe0\" data-element_type=\"section\" data-settings=\"{&quot;background_background&quot;:&quot;classic&quot;}\">\n\t\t\t\t\t\t\t<div class=\"elementor-background-overlay\"><\/div>\n\t\t\t\t\t\t\t<div class=\"elementor-container elementor-column-gap-default\">\n\t\t\t\t\t<div class=\"elementor-column elementor-col-100 elementor-top-column elementor-element elementor-element-9a7fdb4\" data-id=\"9a7fdb4\" data-element_type=\"column\">\n\t\t\t<div class=\"elementor-widget-wrap elementor-element-populated\">\n\t\t\t\t\t\t<div class=\"elementor-element elementor-element-9251944 elementor-widget__width-auto elementor-widget elementor-widget-heading\" data-id=\"9251944\" data-element_type=\"widget\" data-widget_type=\"heading.default\">\n\t\t\t\t<div class=\"elementor-widget-container\">\n\t\t\t\t\t<h2 class=\"elementor-heading-title elementor-size-default\">.<\/h2>\t\t\t\t<\/div>\n\t\t\t\t<\/div>\n\t\t\t\t<div class=\"elementor-element elementor-element-535344b elementor-widget elementor-widget-heading\" data-id=\"535344b\" data-element_type=\"widget\" data-widget_type=\"heading.default\">\n\t\t\t\t<div class=\"elementor-widget-container\">\n\t\t\t\t\t<h1 class=\"elementor-heading-title elementor-size-default\">Participaci\u00f3n y apoyo de los padres<\/h1>\t\t\t\t<\/div>\n\t\t\t\t<\/div>\n\t\t\t\t<div class=\"elementor-element elementor-element-174da7a animated-slow elementor-widget__width-initial elementor-invisible elementor-widget elementor-widget-text-editor\" data-id=\"174da7a\" data-element_type=\"widget\" data-settings=\"{&quot;_animation&quot;:&quot;fadeInUp&quot;,&quot;_animation_delay&quot;:210}\" data-widget_type=\"text-editor.default\">\n\t\t\t\t<div class=\"elementor-widget-container\">\n\t\t\t\t\t\t\t\t\tEn The Little Tree Family, creemos que los ni\u00f1os prosperan cuando las familias y los cuidadores trabajan juntos. Por eso, priorizamos la comunicaci\u00f3n abierta y continua con los padres, manteni\u00e9ndolos informados, involucrados y apoyados en cada etapa del crecimiento de su hijo.\n\t\t\t\t\t\t\t\t<\/div>\n\t\t\t\t<\/div>\n\t\t\t\t\t<\/div>\n\t\t<\/div>\n\t\t\t\t\t<\/div>\n\t\t<\/section>\n\t\t\t\t<section class=\"elementor-section elementor-top-section elementor-element elementor-element-03c94f3 elementor-section-boxed elementor-section-height-default elementor-section-height-default\" data-id=\"03c94f3\" data-element_type=\"section\">\n\t\t\t\t\t\t<div class=\"elementor-container elementor-column-gap-default\">\n\t\t\t\t\t<div class=\"elementor-column elementor-col-50 elementor-top-column elementor-element elementor-element-0ccd9d0\" data-id=\"0ccd9d0\" data-element_type=\"column\">\n\t\t\t<div class=\"elementor-widget-wrap elementor-element-populated\">\n\t\t\t\t\t\t<div class=\"elementor-element elementor-element-affefb4 elementor-widget elementor-widget-image\" data-id=\"affefb4\" data-element_type=\"widget\" data-settings=\"{&quot;sticky&quot;:&quot;top&quot;,&quot;sticky_on&quot;:[&quot;desktop&quot;,&quot;tablet&quot;],&quot;sticky_parent&quot;:&quot;yes&quot;,&quot;sticky_offset&quot;:0,&quot;sticky_effects_offset&quot;:0,&quot;sticky_anchor_link_offset&quot;:0}\" data-widget_type=\"image.default\">\n\t\t\t\t<div class=\"elementor-widget-container\">\n\t\t\t\t\t\t\t\t\t\t\t\t\t\t\t<img fetchpriority=\"high\" decoding=\"async\" width=\"540\" height=\"512\" src=\"https:\/\/thelittletreefamily.com\/wp-content\/uploads\/2025\/06\/img_ProgramDetails-WEY95JY.jpg\" class=\"attachment-full size-full wp-image-104\" alt=\"\" srcset=\"https:\/\/thelittletreefamily.com\/wp-content\/uploads\/2025\/06\/img_ProgramDetails-WEY95JY.jpg 540w, https:\/\/thelittletreefamily.com\/wp-content\/uploads\/2025\/06\/img_ProgramDetails-WEY95JY-300x284.jpg 300w\" sizes=\"(max-width: 540px) 100vw, 540px\" \/>\t\t\t\t\t\t\t\t\t\t\t\t\t\t\t<\/div>\n\t\t\t\t<\/div>\n\t\t\t\t\t<\/div>\n\t\t<\/div>\n\t\t\t\t<div class=\"elementor-column elementor-col-50 elementor-top-column elementor-element elementor-element-04b5074\" data-id=\"04b5074\" data-element_type=\"column\">\n\t\t\t<div class=\"elementor-widget-wrap elementor-element-populated\">\n\t\t\t\t\t\t<div class=\"elementor-element elementor-element-69153d8 elementor-widget elementor-widget-heading\" data-id=\"69153d8\" data-element_type=\"widget\" data-widget_type=\"heading.default\">\n\t\t\t\t<div class=\"elementor-widget-container\">\n\t\t\t\t\t<h2 class=\"elementor-heading-title elementor-size-default\">C\u00f3mo nos mantenemos conectados:\n\n<\/h2>\t\t\t\t<\/div>\n\t\t\t\t<\/div>\n\t\t\t\t<div class=\"elementor-element elementor-element-c4410f5 elementor-widget elementor-widget-image-box\" data-id=\"c4410f5\" data-element_type=\"widget\" data-widget_type=\"image-box.default\">\n\t\t\t\t<div class=\"elementor-widget-container\">\n\t\t\t\t\t<div class=\"elementor-image-box-wrapper\"><div class=\"elementor-image-box-content\"><h3 class=\"elementor-image-box-title\">Actualizaciones diarias de texto<\/h3><p class=\"elementor-image-box-description\">Compartimos registros r\u00e1pidos, fotos y recordatorios importantes por mensaje de texto para que siempre sepa c\u00f3mo va el d\u00eda de su hijo, en tiempo real.\n\n\n<\/p><\/div><\/div>\t\t\t\t<\/div>\n\t\t\t\t<\/div>\n\t\t\t\t<div class=\"elementor-element elementor-element-4ba9c1c elementor-widget elementor-widget-image-box\" data-id=\"4ba9c1c\" data-element_type=\"widget\" data-widget_type=\"image-box.default\">\n\t\t\t\t<div class=\"elementor-widget-container\">\n\t\t\t\t\t<div class=\"elementor-image-box-wrapper\"><div class=\"elementor-image-box-content\"><h3 class=\"elementor-image-box-title\">Boletines mensuales<\/h3><p class=\"elementor-image-box-description\">Enviados digitalmente, nuestros boletines incluyen pr\u00f3ximos temas, actividades, consejos \u00fatiles para padres y anuncios escolares.\n<\/p><\/div><\/div>\t\t\t\t<\/div>\n\t\t\t\t<\/div>\n\t\t\t\t<div class=\"elementor-element elementor-element-5447c9b elementor-widget elementor-widget-image-box\" data-id=\"5447c9b\" data-element_type=\"widget\" data-widget_type=\"image-box.default\">\n\t\t\t\t<div class=\"elementor-widget-container\">\n\t\t\t\t\t<div class=\"elementor-image-box-wrapper\"><div class=\"elementor-image-box-content\"><h3 class=\"elementor-image-box-title\">Conferencias de padres y maestros<\/h3><p class=\"elementor-image-box-description\">Ofrecemos reuniones individuales programadas para hablar sobre el desarrollo, los objetivos y las transiciones de su hijo.\n\n\n<\/p><\/div><\/div>\t\t\t\t<\/div>\n\t\t\t\t<\/div>\n\t\t\t\t<div class=\"elementor-element elementor-element-f9093dc elementor-widget elementor-widget-image-box\" data-id=\"f9093dc\" data-element_type=\"widget\" data-widget_type=\"image-box.default\">\n\t\t\t\t<div class=\"elementor-widget-container\">\n\t\t\t\t\t<div class=\"elementor-image-box-wrapper\"><div class=\"elementor-image-box-content\"><h3 class=\"elementor-image-box-title\">Parenting Workshops &amp; Resources<\/h3><p class=\"elementor-image-box-description\">Durante todo el a\u00f1o, invitamos a las familias a talleres opcionales centrados en temas como el desarrollo de la primera infancia, el bienestar emocional y la disciplina positiva.\n\n<\/p><\/div><\/div>\t\t\t\t<\/div>\n\t\t\t\t<\/div>\n\t\t\t\t<div class=\"elementor-element elementor-element-3d72872 elementor-widget elementor-widget-image-box\" data-id=\"3d72872\" data-element_type=\"widget\" data-widget_type=\"image-box.default\">\n\t\t\t\t<div class=\"elementor-widget-container\">\n\t\t\t\t\t<div class=\"elementor-image-box-wrapper\"><div class=\"elementor-image-box-content\"><h3 class=\"elementor-image-box-title\">Comunicaci\u00f3n de puertas abiertas<\/h3><p class=\"elementor-image-box-description\">Ya sea que tenga una pregunta r\u00e1pida o quiera discutir algo m\u00e1s en profundidad, siempre estamos a solo un mensaje de distancia.\n<\/p><\/div><\/div>\t\t\t\t<\/div>\n\t\t\t\t<\/div>\n\t\t\t\t<div class=\"elementor-element elementor-element-f260206 animated-slow elementor-invisible elementor-widget elementor-widget-text-editor\" data-id=\"f260206\" data-element_type=\"widget\" data-settings=\"{&quot;_animation&quot;:&quot;fadeInUp&quot;,&quot;_animation_delay&quot;:210}\" data-widget_type=\"text-editor.default\">\n\t\t\t\t<div class=\"elementor-widget-container\">\n\t\t\t\t\t\t\t\t\t<p>\u201cNo solo cuidamos de su hijo: nos asociamos con usted para apoyar su aprendizaje, felicidad y crecimiento todos los d\u00edas\u201d.<\/p>\t\t\t\t\t\t\t\t<\/div>\n\t\t\t\t<\/div>\n\t\t\t\t\t<\/div>\n\t\t<\/div>\n\t\t\t\t\t<\/div>\n\t\t<\/section>\n\t\t\t\t<section class=\"elementor-section elementor-top-section elementor-element elementor-element-cf937c0 elementor-section-boxed elementor-section-height-default elementor-section-height-default\" data-id=\"cf937c0\" data-element_type=\"section\" data-settings=\"{&quot;background_background&quot;:&quot;classic&quot;}\">\n\t\t\t\t\t\t<div class=\"elementor-container elementor-column-gap-default\">\n\t\t\t\t\t<div class=\"elementor-column elementor-col-100 elementor-top-column elementor-element elementor-element-7225c30\" data-id=\"7225c30\" data-element_type=\"column\">\n\t\t\t<div class=\"elementor-widget-wrap elementor-element-populated\">\n\t\t\t\t\t\t<div class=\"elementor-element elementor-element-52ed15d animated-slow elementor-invisible elementor-widget elementor-widget-heading\" data-id=\"52ed15d\" data-element_type=\"widget\" data-settings=\"{&quot;_animation&quot;:&quot;fadeInUp&quot;}\" data-widget_type=\"heading.default\">\n\t\t\t\t<div class=\"elementor-widget-container\">\n\t\t\t\t\t<h6 class=\"elementor-heading-title elementor-size-default\">\u00danase a nuestra nueva sesi\u00f3n<\/h6>\t\t\t\t<\/div>\n\t\t\t\t<\/div>\n\t\t\t\t<div class=\"elementor-element elementor-element-096a5a5 animated-slow elementor-invisible elementor-widget elementor-widget-heading\" data-id=\"096a5a5\" data-element_type=\"widget\" data-settings=\"{&quot;_animation&quot;:&quot;fadeInUp&quot;,&quot;_animation_delay&quot;:100}\" data-widget_type=\"heading.default\">\n\t\t\t\t<div class=\"elementor-widget-container\">\n\t\t\t\t\t<h6 class=\"elementor-heading-title elementor-size-default\"><a href=\"tel:(301)%20541-6382\">Llame para inscribir a su hijo (301) 541-6382<\/a><\/h6>\t\t\t\t<\/div>\n\t\t\t\t<\/div>\n\t\t\t\t<div class=\"elementor-element elementor-element-2fc412e elementor-align-center animated-slow elementor-invisible elementor-widget elementor-widget-button\" data-id=\"2fc412e\" data-element_type=\"widget\" data-settings=\"{&quot;_animation&quot;:&quot;fadeInUp&quot;,&quot;_animation_delay&quot;:200}\" data-widget_type=\"button.default\">\n\t\t\t\t<div class=\"elementor-widget-container\">\n\t\t\t\t\t\t\t\t\t<div class=\"elementor-button-wrapper\">\n\t\t\t\t\t<a class=\"elementor-button elementor-button-link elementor-size-sm\" href=\"\/es\/contact-us\/\">\n\t\t\t\t\t\t<span class=\"elementor-button-content-wrapper\">\n\t\t\t\t\t\t\t\t\t<span class=\"elementor-button-text\">Cont\u00e1ctenos <\/span>\n\t\t\t\t\t<\/span>\n\t\t\t\t\t<\/a>\n\t\t\t\t<\/div>\n\t\t\t\t\t\t\t\t<\/div>\n\t\t\t\t<\/div>\n\t\t\t\t\t<\/div>\n\t\t<\/div>\n\t\t\t\t\t<\/div>\n\t\t<\/section>\n\t\t\t\t<\/div>","protected":false},"excerpt":{"rendered":"<p>. At The Little Tree Family, we believe children thrive when families and caregivers work together. That\u2019s why we prioritize open, ongoing communication with parents \u2014 keeping you informed, involved, and supported through every stage of your child\u2019s growth. How We Stay Connected: Daily Text Updates We share quick check-ins, photos, and important reminders via [&hellip;]<\/p>","protected":false},"author":1,"featured_media":0,"parent":0,"menu_order":0,"comment_status":"closed","ping_status":"closed","template":"","meta":{"footnotes":""},"class_list":["post-736","page","type-page","status-publish","hentry"],"yoast_head":"<!-- This site is optimized with the Yoast SEO plugin v25.5 - https:\/\/yoast.com\/wordpress\/plugins\/seo\/ -->\n<title>Parent Engagement &amp; Support - thelittletreefamily.com<\/title>\n<meta name=\"description\" content=\"The Little Tree Family, we believe children thrive when families and caregivers work together. We prioritize open communication with parents\" \/>\n<meta name=\"robots\" content=\"index, follow, max-snippet:-1, max-image-preview:large, max-video-preview:-1\" \/>\n<link rel=\"canonical\" href=\"https:\/\/thelittletreefamily.com\/es\/parent-engagement-support\/\" \/>\n<meta property=\"og:locale\" content=\"es_ES\" \/>\n<meta property=\"og:type\" content=\"article\" \/>\n<meta property=\"og:title\" content=\"Parent Engagement &amp; Support - thelittletreefamily.com\" \/>\n<meta property=\"og:description\" content=\"The Little Tree Family, we believe children thrive when families and caregivers work together. We prioritize open communication with parents\" \/>\n<meta property=\"og:url\" content=\"https:\/\/thelittletreefamily.com\/es\/parent-engagement-support\/\" \/>\n<meta property=\"og:site_name\" content=\"thelittletreefamily.com\" \/>\n<meta property=\"article:modified_time\" content=\"2025-08-04T10:44:25+00:00\" \/>\n<meta property=\"og:image\" content=\"http:\/\/thelittletreefamily.com\/wp-content\/uploads\/2025\/06\/img_ProgramDetails-WEY95JY.jpg\" \/>\n<meta name=\"twitter:card\" content=\"summary_large_image\" \/>\n<meta name=\"twitter:label1\" content=\"Tiempo de lectura\" \/>\n\t<meta name=\"twitter:data1\" content=\"1 minuto\" \/>\n<script type=\"application\/ld+json\" class=\"yoast-schema-graph\">{\"@context\":\"https:\/\/schema.org\",\"@graph\":[{\"@type\":\"WebPage\",\"@id\":\"https:\/\/thelittletreefamily.com\/parent-engagement-support\/\",\"url\":\"https:\/\/thelittletreefamily.com\/parent-engagement-support\/\",\"name\":\"Parent Engagement &amp; Support - thelittletreefamily.com\",\"isPartOf\":{\"@id\":\"https:\/\/thelittletreefamily.com\/#website\"},\"primaryImageOfPage\":{\"@id\":\"https:\/\/thelittletreefamily.com\/parent-engagement-support\/#primaryimage\"},\"image\":{\"@id\":\"https:\/\/thelittletreefamily.com\/parent-engagement-support\/#primaryimage\"},\"thumbnailUrl\":\"http:\/\/thelittletreefamily.com\/wp-content\/uploads\/2025\/06\/img_ProgramDetails-WEY95JY.jpg\",\"datePublished\":\"2025-07-02T12:59:49+00:00\",\"dateModified\":\"2025-08-04T10:44:25+00:00\",\"description\":\"The Little Tree Family, we believe children thrive when families and caregivers work together. We prioritize open communication with parents\",\"breadcrumb\":{\"@id\":\"https:\/\/thelittletreefamily.com\/parent-engagement-support\/#breadcrumb\"},\"inLanguage\":\"es\",\"potentialAction\":[{\"@type\":\"ReadAction\",\"target\":[\"https:\/\/thelittletreefamily.com\/parent-engagement-support\/\"]}]},{\"@type\":\"ImageObject\",\"inLanguage\":\"es\",\"@id\":\"https:\/\/thelittletreefamily.com\/parent-engagement-support\/#primaryimage\",\"url\":\"http:\/\/thelittletreefamily.com\/wp-content\/uploads\/2025\/06\/img_ProgramDetails-WEY95JY.jpg\",\"contentUrl\":\"http:\/\/thelittletreefamily.com\/wp-content\/uploads\/2025\/06\/img_ProgramDetails-WEY95JY.jpg\"},{\"@type\":\"BreadcrumbList\",\"@id\":\"https:\/\/thelittletreefamily.com\/parent-engagement-support\/#breadcrumb\",\"itemListElement\":[{\"@type\":\"ListItem\",\"position\":1,\"name\":\"Home\",\"item\":\"https:\/\/thelittletreefamily.com\/\"},{\"@type\":\"ListItem\",\"position\":2,\"name\":\"Parent Engagement &amp; Support\"}]},{\"@type\":\"WebSite\",\"@id\":\"https:\/\/thelittletreefamily.com\/#website\",\"url\":\"https:\/\/thelittletreefamily.com\/\",\"name\":\"thelittletreefamily.com\",\"description\":\"\",\"potentialAction\":[{\"@type\":\"SearchAction\",\"target\":{\"@type\":\"EntryPoint\",\"urlTemplate\":\"https:\/\/thelittletreefamily.com\/?s={search_term_string}\"},\"query-input\":{\"@type\":\"PropertyValueSpecification\",\"valueRequired\":true,\"valueName\":\"search_term_string\"}}],\"inLanguage\":\"es\"}]}<\/script>\n<!-- \/ Yoast SEO plugin. -->","yoast_head_json":{"title":"Parent Engagement &amp; Support - thelittletreefamily.com","description":"The Little Tree Family, we believe children thrive when families and caregivers work together. We prioritize open communication with parents","robots":{"index":"index","follow":"follow","max-snippet":"max-snippet:-1","max-image-preview":"max-image-preview:large","max-video-preview":"max-video-preview:-1"},"canonical":"https:\/\/thelittletreefamily.com\/es\/parent-engagement-support\/","og_locale":"es_ES","og_type":"article","og_title":"Parent Engagement &amp; Support - thelittletreefamily.com","og_description":"The Little Tree Family, we believe children thrive when families and caregivers work together. We prioritize open communication with parents","og_url":"https:\/\/thelittletreefamily.com\/es\/parent-engagement-support\/","og_site_name":"thelittletreefamily.com","article_modified_time":"2025-08-04T10:44:25+00:00","og_image":[{"url":"http:\/\/thelittletreefamily.com\/wp-content\/uploads\/2025\/06\/img_ProgramDetails-WEY95JY.jpg","type":"","width":"","height":""}],"twitter_card":"summary_large_image","twitter_misc":{"Tiempo de lectura":"1 minuto"},"schema":{"@context":"https:\/\/schema.org","@graph":[{"@type":"WebPage","@id":"https:\/\/thelittletreefamily.com\/parent-engagement-support\/","url":"https:\/\/thelittletreefamily.com\/parent-engagement-support\/","name":"Parent Engagement &amp; Support - thelittletreefamily.com","isPartOf":{"@id":"https:\/\/thelittletreefamily.com\/#website"},"primaryImageOfPage":{"@id":"https:\/\/thelittletreefamily.com\/parent-engagement-support\/#primaryimage"},"image":{"@id":"https:\/\/thelittletreefamily.com\/parent-engagement-support\/#primaryimage"},"thumbnailUrl":"http:\/\/thelittletreefamily.com\/wp-content\/uploads\/2025\/06\/img_ProgramDetails-WEY95JY.jpg","datePublished":"2025-07-02T12:59:49+00:00","dateModified":"2025-08-04T10:44:25+00:00","description":"The Little Tree Family, we believe children thrive when families and caregivers work together. We prioritize open communication with parents","breadcrumb":{"@id":"https:\/\/thelittletreefamily.com\/parent-engagement-support\/#breadcrumb"},"inLanguage":"es","potentialAction":[{"@type":"ReadAction","target":["https:\/\/thelittletreefamily.com\/parent-engagement-support\/"]}]},{"@type":"ImageObject","inLanguage":"es","@id":"https:\/\/thelittletreefamily.com\/parent-engagement-support\/#primaryimage","url":"http:\/\/thelittletreefamily.com\/wp-content\/uploads\/2025\/06\/img_ProgramDetails-WEY95JY.jpg","contentUrl":"http:\/\/thelittletreefamily.com\/wp-content\/uploads\/2025\/06\/img_ProgramDetails-WEY95JY.jpg"},{"@type":"BreadcrumbList","@id":"https:\/\/thelittletreefamily.com\/parent-engagement-support\/#breadcrumb","itemListElement":[{"@type":"ListItem","position":1,"name":"Home","item":"https:\/\/thelittletreefamily.com\/"},{"@type":"ListItem","position":2,"name":"Parent Engagement &amp; Support"}]},{"@type":"WebSite","@id":"https:\/\/thelittletreefamily.com\/#website","url":"https:\/\/thelittletreefamily.com\/","name":"thelittletreefamily.com","description":"","potentialAction":[{"@type":"SearchAction","target":{"@type":"EntryPoint","urlTemplate":"https:\/\/thelittletreefamily.com\/?s={search_term_string}"},"query-input":{"@type":"PropertyValueSpecification","valueRequired":true,"valueName":"search_term_string"}}],"inLanguage":"es"}]}},"_links":{"self":[{"href":"https:\/\/thelittletreefamily.com\/es\/wp-json\/wp\/v2\/pages\/736","targetHints":{"allow":["GET"]}}],"collection":[{"href":"https:\/\/thelittletreefamily.com\/es\/wp-json\/wp\/v2\/pages"}],"about":[{"href":"https:\/\/thelittletreefamily.com\/es\/wp-json\/wp\/v2\/types\/page"}],"author":[{"embeddable":true,"href":"https:\/\/thelittletreefamily.com\/es\/wp-json\/wp\/v2\/users\/1"}],"replies":[{"embeddable":true,"href":"https:\/\/thelittletreefamily.com\/es\/wp-json\/wp\/v2\/comments?post=736"}],"version-history":[{"count":7,"href":"https:\/\/thelittletreefamily.com\/es\/wp-json\/wp\/v2\/pages\/736\/revisions"}],"predecessor-version":[{"id":852,"href":"https:\/\/thelittletreefamily.com\/es\/wp-json\/wp\/v2\/pages\/736\/revisions\/852"}],"wp:attachment":[{"href":"https:\/\/thelittletreefamily.com\/es\/wp-json\/wp\/v2\/media?parent=736"}],"curies":[{"name":"wp","href":"https:\/\/api.w.org\/{rel}","templated":true}]}}