{"id":739,"date":"2025-07-02T12:59:33","date_gmt":"2025-07-02T12:59:33","guid":{"rendered":"https:\/\/thelittletreefamily.com\/?page_id=739"},"modified":"2025-08-04T10:35:04","modified_gmt":"2025-08-04T10:35:04","slug":"early-childhood-education-curriculum","status":"publish","type":"page","link":"https:\/\/thelittletreefamily.com\/es\/early-childhood-education-curriculum\/","title":{"rendered":"Curr\u00edculo de Educaci\u00f3n Infantil"},"content":{"rendered":"<div data-elementor-type=\"wp-page\" data-elementor-id=\"739\" class=\"elementor elementor-739\" data-elementor-post-type=\"page\">\n\t\t\t\t\t\t<section class=\"elementor-section elementor-top-section elementor-element elementor-element-2712728 elementor-section-boxed elementor-section-height-default elementor-section-height-default\" data-id=\"2712728\" data-element_type=\"section\" data-settings=\"{&quot;background_background&quot;:&quot;classic&quot;}\">\n\t\t\t\t\t\t\t<div class=\"elementor-background-overlay\"><\/div>\n\t\t\t\t\t\t\t<div class=\"elementor-container elementor-column-gap-default\">\n\t\t\t\t\t<div class=\"elementor-column elementor-col-100 elementor-top-column elementor-element elementor-element-76035e1\" data-id=\"76035e1\" data-element_type=\"column\">\n\t\t\t<div class=\"elementor-widget-wrap elementor-element-populated\">\n\t\t\t\t\t\t<div class=\"elementor-element elementor-element-9bb55f9 elementor-widget__width-auto elementor-widget elementor-widget-heading\" data-id=\"9bb55f9\" data-element_type=\"widget\" data-widget_type=\"heading.default\">\n\t\t\t\t<div class=\"elementor-widget-container\">\n\t\t\t\t\t<h2 class=\"elementor-heading-title elementor-size-default\">.<\/h2>\t\t\t\t<\/div>\n\t\t\t\t<\/div>\n\t\t\t\t<div class=\"elementor-element elementor-element-16a855f elementor-widget elementor-widget-heading\" data-id=\"16a855f\" data-element_type=\"widget\" data-widget_type=\"heading.default\">\n\t\t\t\t<div class=\"elementor-widget-container\">\n\t\t\t\t\t<h1 class=\"elementor-heading-title elementor-size-default\">Curr\u00edculo de Educaci\u00f3n Infantil<\/h1>\t\t\t\t<\/div>\n\t\t\t\t<\/div>\n\t\t\t\t<div class=\"elementor-element elementor-element-2367c55 animated-slow elementor-widget__width-initial elementor-invisible elementor-widget elementor-widget-text-editor\" data-id=\"2367c55\" data-element_type=\"widget\" data-settings=\"{&quot;_animation&quot;:&quot;fadeInUp&quot;,&quot;_animation_delay&quot;:210}\" data-widget_type=\"text-editor.default\">\n\t\t\t\t<div class=\"elementor-widget-container\">\n\t\t\t\t\t\t\t\t\tEn The Little Tree Family, cultivamos la mente, el coraz\u00f3n y la confianza de los ni\u00f1os mediante un enfoque basado en el desarrollo, basado en las principales teor\u00edas de la educaci\u00f3n infantil. Nuestro curr\u00edculo combinado se inspira en Montessori, la teor\u00eda sociocultural de Lev Vygotsky y el reconocido Curr\u00edculo Creativo, creando un ambiente c\u00e1lido y estimulante donde cada ni\u00f1o puede prosperar.\n\t\t\t\t\t\t\t\t<\/div>\n\t\t\t\t<\/div>\n\t\t\t\t\t<\/div>\n\t\t<\/div>\n\t\t\t\t\t<\/div>\n\t\t<\/section>\n\t\t\t\t<section class=\"elementor-section elementor-top-section elementor-element elementor-element-469bee0 elementor-section-boxed elementor-section-height-default elementor-section-height-default\" data-id=\"469bee0\" data-element_type=\"section\">\n\t\t\t\t\t\t<div class=\"elementor-container elementor-column-gap-default\">\n\t\t\t\t\t<div class=\"elementor-column elementor-col-50 elementor-top-column elementor-element elementor-element-6fdfb09\" data-id=\"6fdfb09\" data-element_type=\"column\">\n\t\t\t<div class=\"elementor-widget-wrap elementor-element-populated\">\n\t\t\t\t\t\t<div class=\"elementor-element elementor-element-baa0b32 elementor-widget elementor-widget-image\" data-id=\"baa0b32\" data-element_type=\"widget\" data-settings=\"{&quot;sticky&quot;:&quot;top&quot;,&quot;sticky_on&quot;:[&quot;desktop&quot;,&quot;tablet&quot;],&quot;sticky_parent&quot;:&quot;yes&quot;,&quot;sticky_offset&quot;:0,&quot;sticky_effects_offset&quot;:0,&quot;sticky_anchor_link_offset&quot;:0}\" data-widget_type=\"image.default\">\n\t\t\t\t<div class=\"elementor-widget-container\">\n\t\t\t\t\t\t\t\t\t\t\t\t\t\t\t<img fetchpriority=\"high\" decoding=\"async\" width=\"540\" height=\"512\" src=\"https:\/\/thelittletreefamily.com\/wp-content\/uploads\/2025\/06\/img_ProgramDetails-WEY95JY.jpg\" class=\"attachment-full size-full wp-image-104\" alt=\"\" srcset=\"https:\/\/thelittletreefamily.com\/wp-content\/uploads\/2025\/06\/img_ProgramDetails-WEY95JY.jpg 540w, https:\/\/thelittletreefamily.com\/wp-content\/uploads\/2025\/06\/img_ProgramDetails-WEY95JY-300x284.jpg 300w\" sizes=\"(max-width: 540px) 100vw, 540px\" \/>\t\t\t\t\t\t\t\t\t\t\t\t\t\t\t<\/div>\n\t\t\t\t<\/div>\n\t\t\t\t\t<\/div>\n\t\t<\/div>\n\t\t\t\t<div class=\"elementor-column elementor-col-50 elementor-top-column elementor-element elementor-element-ca798a3\" data-id=\"ca798a3\" data-element_type=\"column\">\n\t\t\t<div class=\"elementor-widget-wrap elementor-element-populated\">\n\t\t\t\t\t\t<div class=\"elementor-element elementor-element-872f3be elementor-widget elementor-widget-heading\" data-id=\"872f3be\" data-element_type=\"widget\" data-widget_type=\"heading.default\">\n\t\t\t\t<div class=\"elementor-widget-container\">\n\t\t\t\t\t<h2 class=\"elementor-heading-title elementor-size-default\">Nuestro enfoque educativo:\n\n<\/h2>\t\t\t\t<\/div>\n\t\t\t\t<\/div>\n\t\t\t\t<div class=\"elementor-element elementor-element-e9293f4 elementor-widget elementor-widget-image-box\" data-id=\"e9293f4\" data-element_type=\"widget\" data-widget_type=\"image-box.default\">\n\t\t\t\t<div class=\"elementor-widget-container\">\n\t\t\t\t\t<div class=\"elementor-image-box-wrapper\"><div class=\"elementor-image-box-content\"><h3 class=\"elementor-image-box-title\">Independencia inspirada en Montessori<\/h3><p class=\"elementor-image-box-description\">Animamos a los ni\u00f1os a tomar decisiones, cuidar su entorno y trabajar a su propio ritmo. Nuestras \u00e1reas de aprendizaje est\u00e1n dise\u00f1adas para promover el descubrimiento pr\u00e1ctico, la concentraci\u00f3n y el sentido de responsabilidad.\n\n<\/p><\/div><\/div>\t\t\t\t<\/div>\n\t\t\t\t<\/div>\n\t\t\t\t<div class=\"elementor-element elementor-element-c069215 elementor-widget elementor-widget-image-box\" data-id=\"c069215\" data-element_type=\"widget\" data-widget_type=\"image-box.default\">\n\t\t\t\t<div class=\"elementor-widget-container\">\n\t\t\t\t\t<div class=\"elementor-image-box-wrapper\"><div class=\"elementor-image-box-content\"><h3 class=\"elementor-image-box-title\">La zona de desarrollo pr\u00f3ximo de Vygotsky<\/h3><p class=\"elementor-image-box-description\">Siguiendo la teor\u00eda de Lev Vygotsky, apoyamos el aprendizaje mediante una gu\u00eda amable y la interacci\u00f3n social. Los docentes act\u00faan como \"andamios\", ayudando a los ni\u00f1os a superarse a s\u00ed mismos, desarrollando habilidades mediante relaciones significativas y conversaciones.\n\n<\/p><\/div><\/div>\t\t\t\t<\/div>\n\t\t\t\t<\/div>\n\t\t\t\t<div class=\"elementor-element elementor-element-91dd357 elementor-widget elementor-widget-image-box\" data-id=\"91dd357\" data-element_type=\"widget\" data-widget_type=\"image-box.default\">\n\t\t\t\t<div class=\"elementor-widget-container\">\n\t\t\t\t\t<div class=\"elementor-image-box-wrapper\"><div class=\"elementor-image-box-content\"><h3 class=\"elementor-image-box-title\">Estructura curricular creativa<\/h3><p class=\"elementor-image-box-description\">Nuestra jornada se equilibra con rutinas estructuradas, momentos de ense\u00f1anza intencionada y exploraci\u00f3n guiada por los ni\u00f1os. A trav\u00e9s de la m\u00fasica, el arte, la lectura, el juego sensorial y la ciencia, fomentamos el crecimiento cognitivo, f\u00edsico y socioemocional en todas las \u00e1reas.\n\n<\/p><\/div><\/div>\t\t\t\t<\/div>\n\t\t\t\t<\/div>\n\t\t\t\t<div class=\"elementor-element elementor-element-850383a elementor-widget elementor-widget-image-box\" data-id=\"850383a\" data-element_type=\"widget\" data-widget_type=\"image-box.default\">\n\t\t\t\t<div class=\"elementor-widget-container\">\n\t\t\t\t\t<div class=\"elementor-image-box-wrapper\"><div class=\"elementor-image-box-content\"><h3 class=\"elementor-image-box-title\">El juego como base del aprendizaje<\/h3><p class=\"elementor-image-box-description\">Creemos que el juego es esencial. Es la forma en que los ni\u00f1os experimentan, resuelven problemas, se expresan y conectan con los dem\u00e1s.\n\n\n<\/p><\/div><\/div>\t\t\t\t<\/div>\n\t\t\t\t<\/div>\n\t\t\t\t\t<\/div>\n\t\t<\/div>\n\t\t\t\t\t<\/div>\n\t\t<\/section>\n\t\t\t\t<section class=\"elementor-section elementor-top-section elementor-element elementor-element-14cf058 elementor-section-boxed elementor-section-height-default elementor-section-height-default\" data-id=\"14cf058\" data-element_type=\"section\" data-settings=\"{&quot;background_background&quot;:&quot;classic&quot;}\">\n\t\t\t\t\t\t<div class=\"elementor-container elementor-column-gap-default\">\n\t\t\t\t\t<div class=\"elementor-column elementor-col-50 elementor-top-column elementor-element elementor-element-412902e\" data-id=\"412902e\" data-element_type=\"column\">\n\t\t\t<div class=\"elementor-widget-wrap elementor-element-populated\">\n\t\t\t\t\t\t<div class=\"elementor-element elementor-element-da26931 elementor-widget elementor-widget-heading\" data-id=\"da26931\" data-element_type=\"widget\" data-widget_type=\"heading.default\">\n\t\t\t\t<div class=\"elementor-widget-container\">\n\t\t\t\t\t<h2 class=\"elementor-heading-title elementor-size-default\">\u00c1reas de enfoque:\n<\/h2>\t\t\t\t<\/div>\n\t\t\t\t<\/div>\n\t\t\t\t<div class=\"elementor-element elementor-element-e68347f elementor-widget elementor-widget-image-box\" data-id=\"e68347f\" data-element_type=\"widget\" data-widget_type=\"image-box.default\">\n\t\t\t\t<div class=\"elementor-widget-container\">\n\t\t\t\t\t<div class=\"elementor-image-box-wrapper\"><div class=\"elementor-image-box-content\"><h3 class=\"elementor-image-box-title\">Language &amp; Communication<\/h3><p class=\"elementor-image-box-description\">Contar cuentos, desarrollar vocabulario, llevar un diario y dialogar abiertamente fortalecen la alfabetizaci\u00f3n temprana y las habilidades expresivas.\n\n\n<\/p><\/div><\/div>\t\t\t\t<\/div>\n\t\t\t\t<\/div>\n\t\t\t\t<div class=\"elementor-element elementor-element-2552b68 elementor-widget elementor-widget-image-box\" data-id=\"2552b68\" data-element_type=\"widget\" data-widget_type=\"image-box.default\">\n\t\t\t\t<div class=\"elementor-widget-container\">\n\t\t\t\t\t<div class=\"elementor-image-box-wrapper\"><div class=\"elementor-image-box-content\"><h3 class=\"elementor-image-box-title\">Early Math &amp; Problem Solving<\/h3><p class=\"elementor-image-box-description\">Contar, clasificar, medir y reconocer patrones est\u00e1n integrados en actividades divertidas y cotidianas.\n\n\n<\/p><\/div><\/div>\t\t\t\t<\/div>\n\t\t\t\t<\/div>\n\t\t\t\t<div class=\"elementor-element elementor-element-cd6a259 elementor-widget elementor-widget-image-box\" data-id=\"cd6a259\" data-element_type=\"widget\" data-widget_type=\"image-box.default\">\n\t\t\t\t<div class=\"elementor-widget-container\">\n\t\t\t\t\t<div class=\"elementor-image-box-wrapper\"><div class=\"elementor-image-box-content\"><h3 class=\"elementor-image-box-title\">Science &amp; Discovery<\/h3><p class=\"elementor-image-box-description\">Los paseos por la naturaleza, los contenedores sensoriales y los experimentos pr\u00e1cticos invitan a la curiosidad y al pensamiento cr\u00edtico.\n\n\n<\/p><\/div><\/div>\t\t\t\t<\/div>\n\t\t\t\t<\/div>\n\t\t\t\t<div class=\"elementor-element elementor-element-9826355 elementor-widget elementor-widget-image-box\" data-id=\"9826355\" data-element_type=\"widget\" data-widget_type=\"image-box.default\">\n\t\t\t\t<div class=\"elementor-widget-container\">\n\t\t\t\t\t<div class=\"elementor-image-box-wrapper\"><div class=\"elementor-image-box-content\"><h3 class=\"elementor-image-box-title\">Social &amp; Emotional Development<\/h3><p class=\"elementor-image-box-description\">Los ni\u00f1os aprenden a expresar sentimientos, desarrollar empat\u00eda, resolver conflictos y entablar amistades.\n\n\n\n<\/p><\/div><\/div>\t\t\t\t<\/div>\n\t\t\t\t<\/div>\n\t\t\t\t<div class=\"elementor-element elementor-element-f65bf11 elementor-widget elementor-widget-image-box\" data-id=\"f65bf11\" data-element_type=\"widget\" data-widget_type=\"image-box.default\">\n\t\t\t\t<div class=\"elementor-widget-container\">\n\t\t\t\t\t<div class=\"elementor-image-box-wrapper\"><div class=\"elementor-image-box-content\"><h3 class=\"elementor-image-box-title\">Expresi\u00f3n creativa<\/h3><p class=\"elementor-image-box-description\">A trav\u00e9s de la m\u00fasica, el arte, el juego dram\u00e1tico y la danza, los ni\u00f1os desarrollan la confianza y la imaginaci\u00f3n.\n\n\n\n<\/p><\/div><\/div>\t\t\t\t<\/div>\n\t\t\t\t<\/div>\n\t\t\t\t<div class=\"elementor-element elementor-element-55482cf animated-slow elementor-invisible elementor-widget elementor-widget-text-editor\" data-id=\"55482cf\" data-element_type=\"widget\" data-settings=\"{&quot;_animation&quot;:&quot;fadeInUp&quot;,&quot;_animation_delay&quot;:210}\" data-widget_type=\"text-editor.default\">\n\t\t\t\t<div class=\"elementor-widget-container\">\n\t\t\t\t\t\t\t\t\tNuestro plan de estudios permite que cada ni\u00f1o crezca a trav\u00e9s de la curiosidad, la conexi\u00f3n y el descubrimiento alegre, guiado por la investigaci\u00f3n y arraigado en el amor.\t\t\t\t\t\t\t\t<\/div>\n\t\t\t\t<\/div>\n\t\t\t\t\t<\/div>\n\t\t<\/div>\n\t\t\t\t<div class=\"elementor-column elementor-col-50 elementor-top-column elementor-element elementor-element-45b0226\" data-id=\"45b0226\" data-element_type=\"column\">\n\t\t\t<div class=\"elementor-widget-wrap elementor-element-populated\">\n\t\t\t\t\t\t<div class=\"elementor-element elementor-element-67d5c80 animated-slow elementor-invisible elementor-widget elementor-widget-image\" data-id=\"67d5c80\" data-element_type=\"widget\" data-settings=\"{&quot;_animation&quot;:&quot;zoomIn&quot;,&quot;sticky&quot;:&quot;top&quot;,&quot;sticky_parent&quot;:&quot;yes&quot;,&quot;sticky_on&quot;:[&quot;desktop&quot;,&quot;tablet&quot;,&quot;mobile&quot;],&quot;sticky_offset&quot;:0,&quot;sticky_effects_offset&quot;:0,&quot;sticky_anchor_link_offset&quot;:0}\" data-widget_type=\"image.default\">\n\t\t\t\t<div class=\"elementor-widget-container\">\n\t\t\t\t\t\t\t\t\t\t\t\t\t\t\t<img decoding=\"async\" width=\"740\" height=\"480\" src=\"https:\/\/thelittletreefamily.com\/wp-content\/uploads\/2025\/07\/img_Event-GRLE6BA.jpg\" class=\"attachment-full size-full wp-image-754\" alt=\"\" srcset=\"https:\/\/thelittletreefamily.com\/wp-content\/uploads\/2025\/07\/img_Event-GRLE6BA.jpg 740w, https:\/\/thelittletreefamily.com\/wp-content\/uploads\/2025\/07\/img_Event-GRLE6BA-300x195.jpg 300w, https:\/\/thelittletreefamily.com\/wp-content\/uploads\/2025\/07\/img_Event-GRLE6BA-18x12.jpg 18w\" sizes=\"(max-width: 740px) 100vw, 740px\" \/>\t\t\t\t\t\t\t\t\t\t\t\t\t\t\t<\/div>\n\t\t\t\t<\/div>\n\t\t\t\t\t<\/div>\n\t\t<\/div>\n\t\t\t\t\t<\/div>\n\t\t<\/section>\n\t\t\t\t<section class=\"elementor-section elementor-top-section elementor-element elementor-element-de8ccc8 elementor-section-boxed elementor-section-height-default elementor-section-height-default\" data-id=\"de8ccc8\" data-element_type=\"section\" data-settings=\"{&quot;background_background&quot;:&quot;classic&quot;}\">\n\t\t\t\t\t\t<div class=\"elementor-container elementor-column-gap-default\">\n\t\t\t\t\t<div class=\"elementor-column elementor-col-100 elementor-top-column elementor-element elementor-element-d097a7b\" data-id=\"d097a7b\" data-element_type=\"column\">\n\t\t\t<div class=\"elementor-widget-wrap elementor-element-populated\">\n\t\t\t\t\t\t<div class=\"elementor-element elementor-element-3c09fa6 animated-slow elementor-invisible elementor-widget elementor-widget-heading\" data-id=\"3c09fa6\" data-element_type=\"widget\" data-settings=\"{&quot;_animation&quot;:&quot;fadeInUp&quot;}\" data-widget_type=\"heading.default\">\n\t\t\t\t<div class=\"elementor-widget-container\">\n\t\t\t\t\t<h6 class=\"elementor-heading-title elementor-size-default\">\u00danase a nuestra nueva sesi\u00f3n<\/h6>\t\t\t\t<\/div>\n\t\t\t\t<\/div>\n\t\t\t\t<div class=\"elementor-element elementor-element-e536c21 animated-slow elementor-invisible elementor-widget elementor-widget-heading\" data-id=\"e536c21\" data-element_type=\"widget\" data-settings=\"{&quot;_animation&quot;:&quot;fadeInUp&quot;,&quot;_animation_delay&quot;:100}\" data-widget_type=\"heading.default\">\n\t\t\t\t<div class=\"elementor-widget-container\">\n\t\t\t\t\t<h6 class=\"elementor-heading-title elementor-size-default\"><a href=\"tel:(301)%20541-6382\">Llame para inscribir a su hijo (301) 541-6382<\/a><\/h6>\t\t\t\t<\/div>\n\t\t\t\t<\/div>\n\t\t\t\t<div class=\"elementor-element elementor-element-57f8471 elementor-align-center animated-slow elementor-invisible elementor-widget elementor-widget-button\" data-id=\"57f8471\" data-element_type=\"widget\" data-settings=\"{&quot;_animation&quot;:&quot;fadeInUp&quot;,&quot;_animation_delay&quot;:200}\" data-widget_type=\"button.default\">\n\t\t\t\t<div class=\"elementor-widget-container\">\n\t\t\t\t\t\t\t\t\t<div class=\"elementor-button-wrapper\">\n\t\t\t\t\t<a class=\"elementor-button elementor-button-link elementor-size-sm\" href=\"\/es\/contact-us\/\">\n\t\t\t\t\t\t<span class=\"elementor-button-content-wrapper\">\n\t\t\t\t\t\t\t\t\t<span class=\"elementor-button-text\">Cont\u00e1ctenos <\/span>\n\t\t\t\t\t<\/span>\n\t\t\t\t\t<\/a>\n\t\t\t\t<\/div>\n\t\t\t\t\t\t\t\t<\/div>\n\t\t\t\t<\/div>\n\t\t\t\t\t<\/div>\n\t\t<\/div>\n\t\t\t\t\t<\/div>\n\t\t<\/section>\n\t\t\t\t<\/div>","protected":false},"excerpt":{"rendered":"<p>. At The Little Tree Family, we nurture children\u2019s minds, hearts, and confidence through a developmentally informed approach grounded in leading early childhood education theories. Our blended curriculum draws inspiration from Montessori, Lev Vygotsky\u2019s sociocultural theory, and the widely respected Creative Curriculum \u2014 creating a warm, stimulating environment where every child can thrive. Our Educational [&hellip;]<\/p>","protected":false},"author":1,"featured_media":0,"parent":0,"menu_order":0,"comment_status":"closed","ping_status":"closed","template":"","meta":{"footnotes":""},"class_list":["post-739","page","type-page","status-publish","hentry"],"yoast_head":"<!-- This site is optimized with the Yoast SEO plugin v25.5 - https:\/\/yoast.com\/wordpress\/plugins\/seo\/ -->\n<title>Early Childhood Education Curriculum Montessori<\/title>\n<meta name=\"description\" content=\"We nurture children\u2019s minds, confidence through a developmentally informed approach grounded in leading early childhood education Montessori\" \/>\n<meta name=\"robots\" content=\"index, follow, max-snippet:-1, max-image-preview:large, max-video-preview:-1\" \/>\n<link rel=\"canonical\" href=\"https:\/\/thelittletreefamily.com\/es\/early-childhood-education-curriculum\/\" \/>\n<meta property=\"og:locale\" content=\"es_ES\" \/>\n<meta property=\"og:type\" content=\"article\" \/>\n<meta property=\"og:title\" content=\"Early Childhood Education Curriculum Montessori\" \/>\n<meta property=\"og:description\" content=\"We nurture children\u2019s minds, confidence through a developmentally informed approach grounded in leading early childhood education Montessori\" \/>\n<meta property=\"og:url\" content=\"https:\/\/thelittletreefamily.com\/es\/early-childhood-education-curriculum\/\" \/>\n<meta property=\"og:site_name\" content=\"thelittletreefamily.com\" \/>\n<meta property=\"article:modified_time\" content=\"2025-08-04T10:35:04+00:00\" \/>\n<meta property=\"og:image\" content=\"http:\/\/thelittletreefamily.com\/wp-content\/uploads\/2025\/06\/img_ProgramDetails-WEY95JY.jpg\" \/>\n<meta name=\"twitter:card\" content=\"summary_large_image\" \/>\n<meta name=\"twitter:label1\" content=\"Tiempo de lectura\" \/>\n\t<meta name=\"twitter:data1\" content=\"2 minutos\" \/>\n<script type=\"application\/ld+json\" class=\"yoast-schema-graph\">{\"@context\":\"https:\/\/schema.org\",\"@graph\":[{\"@type\":\"WebPage\",\"@id\":\"https:\/\/thelittletreefamily.com\/early-childhood-education-curriculum\/\",\"url\":\"https:\/\/thelittletreefamily.com\/early-childhood-education-curriculum\/\",\"name\":\"Early Childhood Education Curriculum Montessori\",\"isPartOf\":{\"@id\":\"https:\/\/thelittletreefamily.com\/#website\"},\"primaryImageOfPage\":{\"@id\":\"https:\/\/thelittletreefamily.com\/early-childhood-education-curriculum\/#primaryimage\"},\"image\":{\"@id\":\"https:\/\/thelittletreefamily.com\/early-childhood-education-curriculum\/#primaryimage\"},\"thumbnailUrl\":\"http:\/\/thelittletreefamily.com\/wp-content\/uploads\/2025\/06\/img_ProgramDetails-WEY95JY.jpg\",\"datePublished\":\"2025-07-02T12:59:33+00:00\",\"dateModified\":\"2025-08-04T10:35:04+00:00\",\"description\":\"We nurture children\u2019s minds, confidence through a developmentally informed approach grounded in leading early childhood education Montessori\",\"breadcrumb\":{\"@id\":\"https:\/\/thelittletreefamily.com\/early-childhood-education-curriculum\/#breadcrumb\"},\"inLanguage\":\"es\",\"potentialAction\":[{\"@type\":\"ReadAction\",\"target\":[\"https:\/\/thelittletreefamily.com\/early-childhood-education-curriculum\/\"]}]},{\"@type\":\"ImageObject\",\"inLanguage\":\"es\",\"@id\":\"https:\/\/thelittletreefamily.com\/early-childhood-education-curriculum\/#primaryimage\",\"url\":\"http:\/\/thelittletreefamily.com\/wp-content\/uploads\/2025\/06\/img_ProgramDetails-WEY95JY.jpg\",\"contentUrl\":\"http:\/\/thelittletreefamily.com\/wp-content\/uploads\/2025\/06\/img_ProgramDetails-WEY95JY.jpg\"},{\"@type\":\"BreadcrumbList\",\"@id\":\"https:\/\/thelittletreefamily.com\/early-childhood-education-curriculum\/#breadcrumb\",\"itemListElement\":[{\"@type\":\"ListItem\",\"position\":1,\"name\":\"Home\",\"item\":\"https:\/\/thelittletreefamily.com\/\"},{\"@type\":\"ListItem\",\"position\":2,\"name\":\"Early Childhood Education Curriculum\"}]},{\"@type\":\"WebSite\",\"@id\":\"https:\/\/thelittletreefamily.com\/#website\",\"url\":\"https:\/\/thelittletreefamily.com\/\",\"name\":\"thelittletreefamily.com\",\"description\":\"\",\"potentialAction\":[{\"@type\":\"SearchAction\",\"target\":{\"@type\":\"EntryPoint\",\"urlTemplate\":\"https:\/\/thelittletreefamily.com\/?s={search_term_string}\"},\"query-input\":{\"@type\":\"PropertyValueSpecification\",\"valueRequired\":true,\"valueName\":\"search_term_string\"}}],\"inLanguage\":\"es\"}]}<\/script>\n<!-- \/ Yoast SEO plugin. -->","yoast_head_json":{"title":"Early Childhood Education Curriculum Montessori","description":"We nurture children\u2019s minds, confidence through a developmentally informed approach grounded in leading early childhood education Montessori","robots":{"index":"index","follow":"follow","max-snippet":"max-snippet:-1","max-image-preview":"max-image-preview:large","max-video-preview":"max-video-preview:-1"},"canonical":"https:\/\/thelittletreefamily.com\/es\/early-childhood-education-curriculum\/","og_locale":"es_ES","og_type":"article","og_title":"Early Childhood Education Curriculum Montessori","og_description":"We nurture children\u2019s minds, confidence through a developmentally informed approach grounded in leading early childhood education Montessori","og_url":"https:\/\/thelittletreefamily.com\/es\/early-childhood-education-curriculum\/","og_site_name":"thelittletreefamily.com","article_modified_time":"2025-08-04T10:35:04+00:00","og_image":[{"url":"http:\/\/thelittletreefamily.com\/wp-content\/uploads\/2025\/06\/img_ProgramDetails-WEY95JY.jpg","type":"","width":"","height":""}],"twitter_card":"summary_large_image","twitter_misc":{"Tiempo de lectura":"2 minutos"},"schema":{"@context":"https:\/\/schema.org","@graph":[{"@type":"WebPage","@id":"https:\/\/thelittletreefamily.com\/early-childhood-education-curriculum\/","url":"https:\/\/thelittletreefamily.com\/early-childhood-education-curriculum\/","name":"Early Childhood Education Curriculum Montessori","isPartOf":{"@id":"https:\/\/thelittletreefamily.com\/#website"},"primaryImageOfPage":{"@id":"https:\/\/thelittletreefamily.com\/early-childhood-education-curriculum\/#primaryimage"},"image":{"@id":"https:\/\/thelittletreefamily.com\/early-childhood-education-curriculum\/#primaryimage"},"thumbnailUrl":"http:\/\/thelittletreefamily.com\/wp-content\/uploads\/2025\/06\/img_ProgramDetails-WEY95JY.jpg","datePublished":"2025-07-02T12:59:33+00:00","dateModified":"2025-08-04T10:35:04+00:00","description":"We nurture children\u2019s minds, confidence through a developmentally informed approach grounded in leading early childhood education Montessori","breadcrumb":{"@id":"https:\/\/thelittletreefamily.com\/early-childhood-education-curriculum\/#breadcrumb"},"inLanguage":"es","potentialAction":[{"@type":"ReadAction","target":["https:\/\/thelittletreefamily.com\/early-childhood-education-curriculum\/"]}]},{"@type":"ImageObject","inLanguage":"es","@id":"https:\/\/thelittletreefamily.com\/early-childhood-education-curriculum\/#primaryimage","url":"http:\/\/thelittletreefamily.com\/wp-content\/uploads\/2025\/06\/img_ProgramDetails-WEY95JY.jpg","contentUrl":"http:\/\/thelittletreefamily.com\/wp-content\/uploads\/2025\/06\/img_ProgramDetails-WEY95JY.jpg"},{"@type":"BreadcrumbList","@id":"https:\/\/thelittletreefamily.com\/early-childhood-education-curriculum\/#breadcrumb","itemListElement":[{"@type":"ListItem","position":1,"name":"Home","item":"https:\/\/thelittletreefamily.com\/"},{"@type":"ListItem","position":2,"name":"Early Childhood Education Curriculum"}]},{"@type":"WebSite","@id":"https:\/\/thelittletreefamily.com\/#website","url":"https:\/\/thelittletreefamily.com\/","name":"thelittletreefamily.com","description":"","potentialAction":[{"@type":"SearchAction","target":{"@type":"EntryPoint","urlTemplate":"https:\/\/thelittletreefamily.com\/?s={search_term_string}"},"query-input":{"@type":"PropertyValueSpecification","valueRequired":true,"valueName":"search_term_string"}}],"inLanguage":"es"}]}},"_links":{"self":[{"href":"https:\/\/thelittletreefamily.com\/es\/wp-json\/wp\/v2\/pages\/739","targetHints":{"allow":["GET"]}}],"collection":[{"href":"https:\/\/thelittletreefamily.com\/es\/wp-json\/wp\/v2\/pages"}],"about":[{"href":"https:\/\/thelittletreefamily.com\/es\/wp-json\/wp\/v2\/types\/page"}],"author":[{"embeddable":true,"href":"https:\/\/thelittletreefamily.com\/es\/wp-json\/wp\/v2\/users\/1"}],"replies":[{"embeddable":true,"href":"https:\/\/thelittletreefamily.com\/es\/wp-json\/wp\/v2\/comments?post=739"}],"version-history":[{"count":10,"href":"https:\/\/thelittletreefamily.com\/es\/wp-json\/wp\/v2\/pages\/739\/revisions"}],"predecessor-version":[{"id":849,"href":"https:\/\/thelittletreefamily.com\/es\/wp-json\/wp\/v2\/pages\/739\/revisions\/849"}],"wp:attachment":[{"href":"https:\/\/thelittletreefamily.com\/es\/wp-json\/wp\/v2\/media?parent=739"}],"curies":[{"name":"wp","href":"https:\/\/api.w.org\/{rel}","templated":true}]}}